{"id":52,"date":"2019-03-11T12:45:05","date_gmt":"2019-03-11T11:45:05","guid":{"rendered":"http:\/\/www.montrejeau-pyrenees.fr\/?page_id=52"},"modified":"2019-07-04T09:30:50","modified_gmt":"2019-07-04T07:30:50","slug":"votre-weekend","status":"publish","type":"page","link":"https:\/\/www.montrejeau-pyrenees.fr\/en\/votre-weekend\/","title":{"rendered":"Your weekend"},"content":{"rendered":"\n<h2 class=\"wp-block-heading\"><strong>Un si agr\u00e9able weekend \u00e0 Montr\u00e9jeau<\/strong><br><\/h2>\n\n\n\n<p>Vous \u00eates arriv\u00e9 le vendredi soir soit avec les derniers avions \u00e0 Pau, Tarbes ou Toulouse soit par le train ou par l\u2019A64 en voiture.<br>Apr\u00e8s vous \u00eatre install\u00e9 dans le mode de logement retenu vous aurez le choix entre&nbsp;;<\/p>\n\n\n\n<ul class=\"wp-block-list\"><li>48 heures pass\u00e9es sur place<\/li><li>2 jours avec des d\u00e9couvertes dans un rayon de 40 km<\/li><\/ul>\n\n\n\n<p>La saison guidera vos pas&nbsp;;<\/p>\n\n\n\n<p>Si vous optez pour un s\u00e9jour tr\u00e8s s\u00e9dentaire, vous pourrez&nbsp;:<\/p>\n\n\n\n<ul class=\"wp-block-list\"><li>Visiter la <a href=\"https:\/\/www.mairie-montrejeau.com\/files\/medias\/documents\/visite-guidee\/Visite_guidee_de_Montrejeau.pdf\">Bastide Royale<\/a> <\/li><li>Visiter le <a href=\"https:\/\/www.mairie-montrejeau.com\/fr\/loisirs-culture\/le-chateau-de-valmirande\">Ch\u00e2teau de Valmirande<\/a> (en \u00e9t\u00e9 ou sur demande les autres saisons<\/li><li>D\u00e9couvrir la <a href=\"about:blank\">base de loisirs&nbsp;<\/a>: aires de fitness et de jeux pour enfants, promenade autour du lac avec baignade<\/li><li>Pratiquer ou vous initier au <a href=\"http:\/\/golf-du-comminges.e-monsite.com\/\">Golf du Comminges<\/a><\/li><li>Jouer au tennis<\/li><li>Faire de l\u2019<a href=\"http:\/\/www.clubcentreequestre.com\/centre-equestre-28556-mazeres-de-neste.html\">\u00e9quitation<\/a><\/li><li>Promenade le long de la Garonne ou de la Neste<\/li><\/ul>\n\n\n\n<p>Si vous souhaitez rayonner, votre s\u00e9jour pourra se compl\u00e9ter en parcourant des lieux allant de la pr\u00e9histoire \u00e0 l\u2019\u00e8re gr\u00e9co-romaine omnipr\u00e9sente et au Moyen-Age&nbsp;:<\/p>\n\n\n\n<ul class=\"wp-block-list\"><li>La visite de <a href=\"https:\/\/www.st-bertrand.com\">Saint Bertrand de Comminges et Saint Just de Valcabr\u00e8re<\/a>, site romain, pal\u00e9o chr\u00e9tien et m\u00e9di\u00e9val<\/li><li>Les <a href=\"http:\/\/www.grottesdegargas.fr\/\">Grottes de Gargas<\/a> , site pr\u00e9historique<\/li><li>Villa Romaine de <a href=\"http:\/\/www.villa-montmaurin.fr\/\">Montmaurin<\/a> et les <a href=\"https:\/\/fr.wikipedia.org\/wiki\/Save_(Garonne\">Gorges de la Save<\/a><\/li><\/ul>\n\n\n\n<p>Votre s\u00e9jour pourra s\u2019agr\u00e9menter en vous d\u00e9couvrant&nbsp;; <\/p>\n\n\n\n<ul class=\"wp-block-list\"><li>Les stations Baln\u00e9aires de <a href=\"http:\/\/www.luchon.com\/\">Bagn\u00e8res de Luchon<\/a>, <a href=\"https:\/\/www.balnea.fr\/\">Val Louron<\/a>, <a href=\"http:\/\/www.ville-bagneresdebigorre.fr\/\">Bagn\u00e8res de Bigorre<\/a><\/li><li>La d\u00e9couverte du <a href=\"http:\/\/www.visitvaldaran.com\/fr\/\">Val d\u2019Aran<\/a> espagnol avec son patrimoine roman<\/li><li>Les activit\u00e9s sportives en fonction des saisons&nbsp;:<ul><li>Randonn\u00e9es<\/li><li>Canyoning<\/li><li>Ski alpin, de randonn\u00e9e ou raquettes<\/li><li><a href=\"https:\/\/www.mountnpass.com\/itineraire-velo\/best-of-barbazan\/\">VTT<\/a> <\/li><\/ul><\/li><li>Ski alpin, de fond ou de randonn\u00e9es (dans un rayon de 50 kms)<\/li><\/ul>\n\n\n\n<p><a href=\"https:\/\/www.tripadvisor.fr\/\">Vos d\u00e9jeuners ou diners<\/a> pourront se passer dans des restaurants classiques de la cit\u00e9 ou de ses alentours mais aussi dans des formules plus originales en France ou en Espagne.<br><\/p>\n\n\n\n<p>La soir\u00e9e pourra se poursuivre au <a href=\"http:\/\/cinemalesvarietes.com\/\">Cin\u00e9ma de Montr\u00e9jeau<\/a> pour une projection classique ou la retransmission d\u2019un op\u00e9ra ou bien dans un <a href=\"http:\/\/casino-barbazan.fr\">Casino<\/a> proche.<br><\/p>\n\n\n\n<p>En fonction de date de s\u00e9jour, vous pourrez aussi assister \u00e0 des manifestations de renom&nbsp;;<\/p>\n\n\n\n<ul class=\"wp-block-list\"><li>Le festival International du <a href=\"https:\/\/www.festivalmontrejeau.fr\/\">Folklore<\/a> durant la semaine du 15 ao\u00fbt \u00e0 Montr\u00e9jeau<\/li><li>Le festival de musique classique du <a href=\"http:\/\/www.festival-du-comminges.com\">Comminges<\/a> de juillet \u00e0 septembre \u00e0 Saint Bertrande de Comminges<\/li><li>Le festival de <a href=\"http:\/\/www.jazzencomminges.com\/\">Jazz<\/a> &nbsp;en d\u00e9but juin \u00e0 Saint Gaudens<\/li><\/ul>\n\n\n\n<p>Si vous pouvez prolonger jusqu\u2019au lundi vous repartirez avec vos achats effectu\u00e9s au c\u00e9l\u00e8bre march\u00e9 de Montr\u00e9jeau aupr\u00e8s des producteur locaux qu\u2019il s\u2019agisse de fruits et l\u00e9gumes de charcuterie ou de fromage.<br><\/p>\n","protected":false},"excerpt":{"rendered":"<p>Un si agr\u00e9able weekend \u00e0 Montr\u00e9jeau Vous \u00eates arriv\u00e9 le vendredi soir soit avec les derniers avions \u00e0 Pau, Tarbes ou Toulouse soit par le train ou par l\u2019A64 en voiture.Apr\u00e8s vous \u00eatre install\u00e9 dans le mode de logement retenu vous aurez le choix entre&nbsp;; 48 heures pass\u00e9es sur place 2 jours avec des d\u00e9couvertes &hellip; <\/p>\n<p class=\"read-more\"><a class=\"btn btn-default\" href=\"https:\/\/www.montrejeau-pyrenees.fr\/en\/votre-weekend\/\"> Read More<span class=\"screen-reader-text\">  Read More<\/span><\/a><\/p>\n","protected":false},"author":6,"featured_media":0,"parent":0,"menu_order":0,"comment_status":"closed","ping_status":"closed","template":"","meta":{"_exactmetrics_skip_tracking":false,"_exactmetrics_sitenote_active":false,"_exactmetrics_sitenote_note":"","_exactmetrics_sitenote_category":0,"footnotes":""},"class_list":["post-52","page","type-page","status-publish","hentry"],"_links":{"self":[{"href":"https:\/\/www.montrejeau-pyrenees.fr\/en\/wp-json\/wp\/v2\/pages\/52","targetHints":{"allow":["GET"]}}],"collection":[{"href":"https:\/\/www.montrejeau-pyrenees.fr\/en\/wp-json\/wp\/v2\/pages"}],"about":[{"href":"https:\/\/www.montrejeau-pyrenees.fr\/en\/wp-json\/wp\/v2\/types\/page"}],"author":[{"embeddable":true,"href":"https:\/\/www.montrejeau-pyrenees.fr\/en\/wp-json\/wp\/v2\/users\/6"}],"replies":[{"embeddable":true,"href":"https:\/\/www.montrejeau-pyrenees.fr\/en\/wp-json\/wp\/v2\/comments?post=52"}],"version-history":[{"count":9,"href":"https:\/\/www.montrejeau-pyrenees.fr\/en\/wp-json\/wp\/v2\/pages\/52\/revisions"}],"predecessor-version":[{"id":297,"href":"https:\/\/www.montrejeau-pyrenees.fr\/en\/wp-json\/wp\/v2\/pages\/52\/revisions\/297"}],"wp:attachment":[{"href":"https:\/\/www.montrejeau-pyrenees.fr\/en\/wp-json\/wp\/v2\/media?parent=52"}],"curies":[{"name":"wp","href":"https:\/\/api.w.org\/{rel}","templated":true}]}}