{"id":55,"date":"2019-03-11T12:45:27","date_gmt":"2019-03-11T11:45:27","guid":{"rendered":"http:\/\/www.montrejeau-pyrenees.fr\/?page_id=55"},"modified":"2019-04-17T09:12:02","modified_gmt":"2019-04-17T07:12:02","slug":"une-ville-amie-des-aines","status":"publish","type":"page","link":"https:\/\/www.montrejeau-pyrenees.fr\/en\/une-ville-amie-des-aines\/","title":{"rendered":"A city friend of the elders"},"content":{"rendered":"\n<p>Vous approchez de la retraite, vous \u00eates pr\u00eat \u00e0 tourner la page, vous vous r\u00e9jouissez d\u2019avoir enfin du temps \u00e0 vous, du temps \u00e0 consacrer \u00e0 votre famille, \u00e0 vos amis, et \u00e0 vos int\u00e9r\u00eats si longtemps n\u00e9glig\u00e9s. <br><br>Vous \u00eates bien d\u00e9cid\u00e9 \u00e0 rester actif, productif, engag\u00e9 et <br>d\u00e9termin\u00e9 \u00e0 faire valoir votre longue exp\u00e9rience.<br><strong>Mais<\/strong>, vous ne savez pas exactement ni o\u00f9, ni comment, <br>ni sous quelle forme ou dans quel cadre.<\/p>\n\n\n\n<h4 class=\"wp-block-heading\">Montr\u00e9jeau vous attend<\/h4>\n\n\n\n<p>Parce que notre petite ville a besoin de toutes les bonnes volont\u00e9s, de toutes les \u00e9nergies, de toutes les initiatives et de toutes les expertises pour :<\/p>\n\n\n\n<ul class=\"wp-block-list\"><li>Stimuler et enrichir la vie de la communaut\u00e9<\/li><li>Construire, r\u00e9nover et embellir <\/li><li>Organiser des activit\u00e9s sportives et y participer<\/li><li>Animer des activit\u00e9s culturelles et en lancer de nouvelles<\/li><li>Monter des projets \u00e9ducatifs avec des jeunes et des moins jeunes<\/li><li>Promouvoir des activit\u00e9s artisanales et artistiques<\/li><\/ul>\n\n\n\n<p>Pour faire tout cela et plus, un peu ou beaucoup, selon votre app\u00e9tit.<\/p>\n\n\n\n<h4 class=\"wp-block-heading\">Montr\u00e9jeau vous attend <\/h4>\n\n\n\n<p>A Montr\u00e9jeau, vous trouverez rapidement votre place parce que la place ne manque pas. <br>Vous y trouverez : <\/p>\n\n\n\n<ul class=\"wp-block-list\"><li>Les activit\u00e9s sportives que vous aimez (voir encadr\u00e9)<br><\/li><li>Les services de sant\u00e9 sur lesquels vous pouvez compter (voir encadr\u00e9)<br><\/li><li>La vie sociale, communautaire et conviviale que vous souhaitez <br> parce que vous allez la construire avec nous.   <\/li><\/ul>\n\n\n\n<p><strong>A Montr\u00e9jeau, le futur vous attend :<\/strong> Prenez donc un premier contact avec l\u2019association de votre choix. Vous en trouverez la liste compl\u00e8te dans les pages qui suivent.  <\/p>\n","protected":false},"excerpt":{"rendered":"<p>Vous approchez de la retraite, vous \u00eates pr\u00eat \u00e0 tourner la page, vous vous r\u00e9jouissez d\u2019avoir enfin du temps \u00e0 vous, du temps \u00e0 consacrer \u00e0 votre famille, \u00e0 vos amis, et \u00e0 vos int\u00e9r\u00eats si longtemps n\u00e9glig\u00e9s. Vous \u00eates bien d\u00e9cid\u00e9 \u00e0 rester actif, productif, engag\u00e9 et d\u00e9termin\u00e9 \u00e0 faire valoir votre longue exp\u00e9rience.Mais, &hellip; <\/p>\n<p class=\"read-more\"><a class=\"btn btn-default\" href=\"https:\/\/www.montrejeau-pyrenees.fr\/en\/une-ville-amie-des-aines\/\"> Read More<span class=\"screen-reader-text\">  Read More<\/span><\/a><\/p>\n","protected":false},"author":6,"featured_media":0,"parent":0,"menu_order":0,"comment_status":"closed","ping_status":"closed","template":"","meta":{"_exactmetrics_skip_tracking":false,"_exactmetrics_sitenote_active":false,"_exactmetrics_sitenote_note":"","_exactmetrics_sitenote_category":0,"footnotes":""},"class_list":["post-55","page","type-page","status-publish","hentry"],"_links":{"self":[{"href":"https:\/\/www.montrejeau-pyrenees.fr\/en\/wp-json\/wp\/v2\/pages\/55","targetHints":{"allow":["GET"]}}],"collection":[{"href":"https:\/\/www.montrejeau-pyrenees.fr\/en\/wp-json\/wp\/v2\/pages"}],"about":[{"href":"https:\/\/www.montrejeau-pyrenees.fr\/en\/wp-json\/wp\/v2\/types\/page"}],"author":[{"embeddable":true,"href":"https:\/\/www.montrejeau-pyrenees.fr\/en\/wp-json\/wp\/v2\/users\/6"}],"replies":[{"embeddable":true,"href":"https:\/\/www.montrejeau-pyrenees.fr\/en\/wp-json\/wp\/v2\/comments?post=55"}],"version-history":[{"count":2,"href":"https:\/\/www.montrejeau-pyrenees.fr\/en\/wp-json\/wp\/v2\/pages\/55\/revisions"}],"predecessor-version":[{"id":195,"href":"https:\/\/www.montrejeau-pyrenees.fr\/en\/wp-json\/wp\/v2\/pages\/55\/revisions\/195"}],"wp:attachment":[{"href":"https:\/\/www.montrejeau-pyrenees.fr\/en\/wp-json\/wp\/v2\/media?parent=55"}],"curies":[{"name":"wp","href":"https:\/\/api.w.org\/{rel}","templated":true}]}}