{"id":62,"date":"2019-03-11T12:46:29","date_gmt":"2019-03-11T11:46:29","guid":{"rendered":"http:\/\/www.montrejeau-pyrenees.fr\/?page_id=62"},"modified":"2019-06-23T11:06:59","modified_gmt":"2019-06-23T09:06:59","slug":"actualite-dans-le-sud-du-comminges","status":"publish","type":"page","link":"https:\/\/www.montrejeau-pyrenees.fr\/es\/actualite-dans-le-sud-du-comminges\/","title":{"rendered":"Noticias en el sur de Comminges"},"content":{"rendered":"\n<h2 class=\"wp-block-heading\">FOLKOLORE F\u00caTE SES 60 ANS!<\/h2>\n\n\n\n<div class=\"wp-block-image\"><figure class=\"aligncenter\"><img loading=\"lazy\" decoding=\"async\" width=\"238\" height=\"158\" src=\"https:\/\/www.montrejeau-pyrenees.fr\/wp-content\/uploads\/2019\/06\/image.png\" alt=\"\" class=\"wp-image-287\"\/><\/figure><\/div>\n\n\n\n<h3 class=\"wp-block-heading\">Programme du festival 2019<\/h3>\n\n\n\n<h3 class=\"wp-block-heading\"><strong><em>Mercredi\u00a014 ao\u00fbt 2019<\/em><\/strong><strong>\u00a0 \u00a0 <\/strong><\/h3>\n\n\n\n<p><\/p>\n\n\n\n<p>\u00a0<strong>19h30 &#8211; SOIREE du 60\u00e8me anniversaire<\/strong> <\/p>\n\n\n\n<p><strong>Soir\u00e9e conviviale avec buffet ouverte au public et \u00e0 toutes les personnes qui<\/strong>\u00a0 <strong>ont\u00a0contribu\u00e9 \u00e0 faire de ce festival, ce qu&#8217;il est\u00a0!!<\/strong> <\/p>\n\n\n\n<p>Avec la participation du groupe des Troubadours du Mont-Royal, de leurs amis portugais du Rancho Folclorico de Paranhos de Porto et plus encore&#8230;\u00a0 \u00a0 \u00a0<\/p>\n\n\n\n<p><strong>Repas sur r\u00e9servation <\/strong>  Lieu <em>: <strong>Salle des F\u00eates de Montr\u00e9jeau<\/strong> <\/em><\/p>\n\n\n\n<h3 class=\"wp-block-heading\"><em>Jeudi 15<\/em> <em>ao\u00fbt 2019<\/em> <\/h3>\n\n\n\n<p><\/p>\n\n\n\n<p><strong>10h00\/12h00 :\u00a0 Arriv\u00e9e des d\u00e9l\u00e9gations invit\u00e9es.<\/strong> <\/p>\n\n\n\n<p><strong>16h30 :\u00a0 Vernissage de l&#8217;exposition FOLKOLOR 2019<\/strong> <\/p>\n\n\n\n<p><strong>Lieu\u00a0: <em>Office du tourisme de Montr\u00e9jeau \u2013 H\u00f4tel de Lassus<\/em> <\/strong><\/p>\n\n\n\n<p><strong>18h00\n:&nbsp;&nbsp;Animation centre-ville<\/strong>&nbsp;<strong><em>(Place de\nla Mairie)<\/em><\/strong> <\/p>\n\n\n\n<p><strong>18h00\n:&nbsp;&nbsp;Animation&nbsp;Base de Loisirs de Montr\u00e9jeau et <\/strong><strong>Vide-greniers\nGourdan-Polignan.<\/strong> <em>(Via la nouvelle passerelle)<\/em> <\/p>\n\n\n\n<p><strong>21h00 : Soir\u00e9e d&#8217;ouverture du 60\u00e8me Festival avec la participation des groupes suivants :<\/strong> <strong>France (Troubadours du Mont-Royal) &#8211; Portugal &#8211; N\u00e9pal &#8211; Espagne &#8211; R\u00e9publique Tch\u00e8que.<\/strong> <\/p>\n\n\n\n<p><strong>Lieu :<em>Grande Halle de la place de Verdun \u2013 Grande Sc\u00e8ne<\/em><\/strong> Spectacle payant : 5\u20ac &#8211; pas de r\u00e9servation possible. <\/p>\n\n\n\n<h3 class=\"wp-block-heading\"><em>Vendredi 16 ao\u00fbt 2019 <\/em><\/h3>\n\n\n\n<p><\/p>\n\n\n\n<h4 class=\"wp-block-heading\">10h00 &#8211; Ludokolor \u201cLes Jeux dans le monde\u201d <\/h4>\n\n\n\n<p>Lieu\u00a0:<em>\u00a0<strong>Cour d&#8217;Honneur &#8211; H\u00f4tel de Lassus<\/strong><\/em><em> <\/em><\/p>\n\n\n\n<p><em>(Pr\u00e9sence des groupes,\nsans leurs costumes, mais dans une ambiance ludique, afin de participer avec le\npublic \u00e0 des jeux de leurs pays.)<\/em> <\/p>\n\n\n\n<p><strong>17h00 &#8211;\nC\u00e9r\u00e9monie des Couleurs&nbsp;<\/strong> <\/p>\n\n\n\n<p>Lieu&nbsp;:<em>&nbsp;<strong>Place Valentin Abeille<\/strong><\/em>\n<\/p>\n\n\n\n<p><em>(Tous les groupes se\npr\u00e9senteront sur la place, puis monteront leurs couleurs respectives.)<\/em> <\/p>\n\n\n\n<p><strong><em>France (Les Troubadours\ndu Mont-Royal &#8211; Montr\u00e9jeau) &#8211; Espagne &#8211;&nbsp;Portugal &#8211;&nbsp;R\u00e9publique Tch\u00e8que\n&#8211; R\u00e9publique du Tatarstan&nbsp;&#8211;&nbsp;N\u00e9pal &#8211; Chili<\/em><\/strong> <\/p>\n\n\n\n<p><strong>18h00\n:&nbsp;&nbsp;Animation&nbsp;Base de Loisirs de Montr\u00e9jeau&nbsp;<\/strong> <\/p>\n\n\n\n<p><strong>21h00 : Soir\u00e9e de Gala FOLKOLOR avec la participation des groupes suivants :\u00a0\u00a0 N\u00e9pal &#8211; R\u00e9publique Tch\u00e8que &#8211; R\u00e9publique du Tatarstan<\/strong> <\/p>\n\n\n\n<p>Lieu\u00a0<strong>:<em>\u00a0Grande sc\u00e8ne place de Verdun<\/em><\/strong> <a href=\"javascript:;\"><\/a><\/p>\n\n\n\n<h3 class=\"wp-block-heading\"><em>Samedi 17 ao\u00fbt 2019<\/em> <\/h3>\n\n\n\n<p><\/p>\n\n\n\n<p><strong>09h45 &#8211; R\u00e9ception\nOfficielle<\/strong> <\/p>\n\n\n\n<p>Lieu&nbsp;:<em>&nbsp;<strong>Mairie\nde Montr\u00e9jeau&nbsp;ou Cour d&#8217;Honneur de l&#8217;H\u00f4tel de Lassus<\/strong><\/em><\/p>\n\n\n\n<p><strong>10h30 &#8211; Messe\ninternationale du Festival avec la participation des groupes<\/strong> <\/p>\n\n\n\n<p>&nbsp;Lieu&nbsp;:<em>&nbsp;<strong>Grande sc\u00e8ne place de Verdun<\/strong><\/em>\n<\/p>\n\n\n\n<p>&nbsp;<strong>17h30 &#8211;\nAnimation Centre commercial et centre-ville&nbsp;<\/strong><strong><em>(<\/em><\/strong><em>Place\nValentin Abeille)<\/em> <\/p>\n\n\n\n<p><strong>20h30 &#8211; NUIT CHILIENNE<\/strong> <\/p>\n\n\n\n<div class=\"wp-block-image\"><figure class=\"alignleft is-resized\"><img loading=\"lazy\" decoding=\"async\" src=\"https:\/\/www.montrejeau-pyrenees.fr\/wp-content\/uploads\/2019\/06\/Capture-d\u2019e\u0301cran-2019-06-23-a\u0300-10.51.27.png\" alt=\"\" class=\"wp-image-288\" width=\"311\" height=\"424\" srcset=\"https:\/\/www.montrejeau-pyrenees.fr\/wp-content\/uploads\/2019\/06\/Capture-d\u2019e\u0301cran-2019-06-23-a\u0300-10.51.27-219x300.png 219w, https:\/\/www.montrejeau-pyrenees.fr\/wp-content\/uploads\/2019\/06\/Capture-d\u2019e\u0301cran-2019-06-23-a\u0300-10.51.27-197x270.png 197w\" sizes=\"auto, (max-width: 311px) 100vw, 311px\" \/><\/figure><\/div>\n\n\n\n<p><strong>Spectacle\nth\u00e9matique avec la participation&nbsp;de l&#8217;ensemble BAFOCHI&nbsp;en provenance\nde la ville de Santiago de Chile.<\/strong><strong> <\/strong><\/p>\n\n\n\n<p><em>Spectacle payant avec possibilit\u00e9 de r\u00e9servation &#8211; Salle des F\u00eates de\nMontr\u00e9jeau &#8211; Avenue de la Bigorre. &nbsp;<\/em><em> <\/em><\/p>\n\n\n\n<p><em>Mise en place comme les ann\u00e9es pr\u00e9c\u00e9dentes, de tables&nbsp;que vous pouvez\nr\u00e9server en groupes, entre amis afin de profiter de ce magnifique spectacle,\ntout en d\u00e9gustant un caf\u00e9 gourmand, une p\u00e2tisserie locale ou une coupe de\nchampagne.<\/em><em> <\/em><\/p>\n\n\n\n<p><strong>Tarifs de\nla soir\u00e9e<\/strong>&nbsp;: 10<strong>&nbsp;\u20ac<\/strong><strong>&nbsp;<\/strong>pour une place \u00e0 une table, avec\nr\u00e9servation ou 8<strong>&nbsp;<\/strong><strong>\u20ac<\/strong>pour\nune place en fond de salle (sans table &#8211; Il est conseill\u00e9 de r\u00e9server, le\nnombre de places \u00e9tant limit\u00e9es.) <\/p>\n\n\n\n<p>Les modalit\u00e9s de r\u00e9servation d\u2019une table et tous renseignements vous\nseront communiqu\u00e9s tr\u00e8s rapidement sur ce m\u00eame site. <\/p>\n\n\n\n<h3 class=\"wp-block-heading\"><em><strong>Dimanche 18 ao\u00fbt 2019 <\/strong><\/em><\/h3>\n\n\n\n<div class=\"wp-block-image\"><figure class=\"aligncenter\"><img decoding=\"async\" src=\"http:\/\/infos-russes.com\/wp-content\/uploads\/user-event\/2018-06-16-paris-fest-sabantuj.jpg\" alt=\"\"\/><\/figure><\/div>\n\n\n\n<p>Spectacle payant : 5\u20ac &#8211; pas de r\u00e9servation possible. <\/p>\n\n\n\n<p><strong>16h30- Spectacle &#8211;&nbsp;Matin\u00e9e d\u2019Adieu \u00e0 la Cit\u00e9<\/strong> <strong>Chili\u00a0&#8211;\u00a0R\u00e9publique du TATARSTAN<\/strong> <\/p>\n\n\n\n<p>Lieu\u00a0:<em>\u00a0<strong>Salle des F\u00eates de Montr\u00e9jeau &#8211; Grande Sc\u00e8ne<\/strong><\/em> <\/p>\n\n\n\n<p>NB: Le comit\u00e9 d&#8217;organisation se r\u00e9serve le droit de modifier le programme \u00e0 sa discr\u00e9tion<\/p>\n","protected":false},"excerpt":{"rendered":"<p>FOLKOLORE F\u00caTE SES 60 ANS! Programme du festival 2019 Mercredi\u00a014 ao\u00fbt 2019\u00a0 \u00a0 \u00a019h30 &#8211; SOIREE du 60\u00e8me anniversaire Soir\u00e9e conviviale avec buffet ouverte au public et \u00e0 toutes les personnes qui\u00a0 ont\u00a0contribu\u00e9 \u00e0 faire de ce festival, ce qu&#8217;il est\u00a0!! Avec la participation du groupe des Troubadours du Mont-Royal, de leurs amis portugais du &hellip; <\/p>\n<p class=\"read-more\"><a class=\"btn btn-default\" href=\"https:\/\/www.montrejeau-pyrenees.fr\/es\/actualite-dans-le-sud-du-comminges\/\">Lee mas<span class=\"screen-reader-text\"> Lee mas<\/span><\/a><\/p>\n","protected":false},"author":6,"featured_media":0,"parent":0,"menu_order":0,"comment_status":"closed","ping_status":"closed","template":"","meta":{"_exactmetrics_skip_tracking":false,"_exactmetrics_sitenote_active":false,"_exactmetrics_sitenote_note":"","_exactmetrics_sitenote_category":0,"footnotes":""},"class_list":["post-62","page","type-page","status-publish","hentry"],"_links":{"self":[{"href":"https:\/\/www.montrejeau-pyrenees.fr\/es\/wp-json\/wp\/v2\/pages\/62","targetHints":{"allow":["GET"]}}],"collection":[{"href":"https:\/\/www.montrejeau-pyrenees.fr\/es\/wp-json\/wp\/v2\/pages"}],"about":[{"href":"https:\/\/www.montrejeau-pyrenees.fr\/es\/wp-json\/wp\/v2\/types\/page"}],"author":[{"embeddable":true,"href":"https:\/\/www.montrejeau-pyrenees.fr\/es\/wp-json\/wp\/v2\/users\/6"}],"replies":[{"embeddable":true,"href":"https:\/\/www.montrejeau-pyrenees.fr\/es\/wp-json\/wp\/v2\/comments?post=62"}],"version-history":[{"count":10,"href":"https:\/\/www.montrejeau-pyrenees.fr\/es\/wp-json\/wp\/v2\/pages\/62\/revisions"}],"predecessor-version":[{"id":370,"href":"https:\/\/www.montrejeau-pyrenees.fr\/es\/wp-json\/wp\/v2\/pages\/62\/revisions\/370"}],"wp:attachment":[{"href":"https:\/\/www.montrejeau-pyrenees.fr\/es\/wp-json\/wp\/v2\/media?parent=62"}],"curies":[{"name":"wp","href":"https:\/\/api.w.org\/{rel}","templated":true}]}}